{"id":165,"date":"2020-02-25T15:25:55","date_gmt":"2020-02-25T14:25:55","guid":{"rendered":"https:\/\/levoca.penzionkiska.sk\/?page_id=165"},"modified":"2020-03-12T17:57:43","modified_gmt":"2020-03-12T16:57:43","slug":"lobby-bar","status":"publish","type":"page","link":"https:\/\/levoca.penzionkiska.sk\/index.php\/lobby-bar\/","title":{"rendered":"Lobby bar"},"content":{"rendered":"\t\t<div data-elementor-type=\"wp-page\" data-elementor-id=\"165\" class=\"elementor elementor-165\">\n\t\t\t\t\t\t<section class=\"elementor-section elementor-top-section elementor-element elementor-element-f316fa9 elementor-section-height-min-height elementor-section-boxed elementor-section-height-default elementor-section-items-middle\" data-id=\"f316fa9\" data-element_type=\"section\" data-settings=\"{&quot;background_background&quot;:&quot;classic&quot;}\">\n\t\t\t\t\t\t\t<div class=\"elementor-background-overlay\"><\/div>\n\t\t\t\t\t\t\t<div class=\"elementor-container elementor-column-gap-default\">\n\t\t\t\t\t<div class=\"elementor-column elementor-col-100 elementor-top-column elementor-element elementor-element-3e9ad94\" data-id=\"3e9ad94\" data-element_type=\"column\">\n\t\t\t<div class=\"elementor-widget-wrap elementor-element-populated\">\n\t\t\t\t\t\t<div class=\"elementor-element elementor-element-6b65b1c elementor-widget elementor-widget-heading\" data-id=\"6b65b1c\" data-element_type=\"widget\" data-widget_type=\"heading.default\">\n\t\t\t\t<div class=\"elementor-widget-container\">\n\t\t\t<h1 class=\"elementor-heading-title elementor-size-default\">Bar u Rytiera<\/h1>\t\t<\/div>\n\t\t\t\t<\/div>\n\t\t\t\t\t<\/div>\n\t\t<\/div>\n\t\t\t\t\t<\/div>\n\t\t<\/section>\n\t\t\t\t<section class=\"elementor-section elementor-top-section elementor-element elementor-element-dcb4bca elementor-section-content-middle elementor-section-boxed elementor-section-height-default elementor-section-height-default\" data-id=\"dcb4bca\" data-element_type=\"section\">\n\t\t\t\t\t\t<div class=\"elementor-container elementor-column-gap-default\">\n\t\t\t\t\t<div class=\"elementor-column elementor-col-100 elementor-top-column elementor-element elementor-element-38ddbba\" data-id=\"38ddbba\" data-element_type=\"column\">\n\t\t\t<div class=\"elementor-widget-wrap elementor-element-populated\">\n\t\t\t\t\t\t<div class=\"elementor-element elementor-element-10dbb06 elementor-widget elementor-widget-text-editor\" data-id=\"10dbb06\" data-element_type=\"widget\" data-widget_type=\"text-editor.default\">\n\t\t\t\t<div class=\"elementor-widget-container\">\n\t\t\t\t\t\t\t<p style=\"font-weight: 400;\">H\u013ead\u00e1te pr\u00edjemn\u00e9 a \u0161t\u00fdlov\u00e9 miesto na\u00a0 stretnutie s priate\u013emi \u010di obchodn\u00fdmi partnermi? Nav\u0161t\u00edvte n\u00e1\u0161 Bar u Rytiera so \u0161irokou ponukou nealko a alko n\u00e1pojov ako aj s kvalitnou k\u00e1vou a \u010dokol\u00e1dou.<\/p><p style=\"font-weight: 400;\">Mlsn\u00e9 jaz\u00fd\u010dky si u n\u00e1s ur\u010dite vyber\u00fa zo \u0161irokej ponuky v\u00fdborn\u00fdch z\u00e1kuskov a dezertov.<\/p>\t\t\t\t\t\t<\/div>\n\t\t\t\t<\/div>\n\t\t\t\t<div class=\"elementor-element elementor-element-3782937 elementor-align-center elementor-widget elementor-widget-button\" data-id=\"3782937\" data-element_type=\"widget\" data-widget_type=\"button.default\">\n\t\t\t\t<div class=\"elementor-widget-container\">\n\t\t\t\t\t<div class=\"elementor-button-wrapper\">\n\t\t\t<a class=\"elementor-button elementor-button-link elementor-size-lg elementor-animation-float\" href=\"https:\/\/levoca.penzionkiska.sk\/napojovy_listok_bar_u_rytiera.pdf\" target=\"_blank\">\n\t\t\t\t\t\t<span class=\"elementor-button-content-wrapper\">\n\t\t\t\t\t\t<span class=\"elementor-button-text\">N\u00e1pojov\u00fd l\u00edstok<\/span>\n\t\t<\/span>\n\t\t\t\t\t<\/a>\n\t\t<\/div>\n\t\t\t\t<\/div>\n\t\t\t\t<\/div>\n\t\t\t\t\t<\/div>\n\t\t<\/div>\n\t\t\t\t\t<\/div>\n\t\t<\/section>\n\t\t\t\t<section class=\"elementor-section elementor-top-section elementor-element elementor-element-477d4ff elementor-section-boxed elementor-section-height-default elementor-section-height-default\" data-id=\"477d4ff\" data-element_type=\"section\">\n\t\t\t\t\t\t<div class=\"elementor-container elementor-column-gap-default\">\n\t\t\t\t\t<div class=\"elementor-column elementor-col-100 elementor-top-column elementor-element elementor-element-cdf0f93\" data-id=\"cdf0f93\" data-element_type=\"column\">\n\t\t\t<div class=\"elementor-widget-wrap elementor-element-populated\">\n\t\t\t\t\t\t<div class=\"elementor-element elementor-element-e1ef770 elementor-widget elementor-widget-image-gallery\" data-id=\"e1ef770\" data-element_type=\"widget\" data-widget_type=\"image-gallery.default\">\n\t\t\t\t<div class=\"elementor-widget-container\">\n\t\t\t\t\t<div class=\"elementor-image-gallery\">\n\t\t\t<div id='gallery-1' class='gallery galleryid-165 gallery-columns-2 gallery-size-medium_large'><figure class='gallery-item'>\n\t\t\t<div class='gallery-icon landscape'>\n\t\t\t\t<a data-elementor-open-lightbox=\"yes\" data-elementor-lightbox-slideshow=\"e1ef770\" data-elementor-lightbox-title=\"DSC_4977\" data-e-action-hash=\"#elementor-action%3Aaction%3Dlightbox%26settings%3DeyJpZCI6NjkwLCJ1cmwiOiJodHRwczpcL1wvbGV2b2NhLnBlbnppb25raXNrYS5za1wvd3AtY29udGVudFwvdXBsb2Fkc1wvMjAyMFwvMDNcL0RTQ180OTc3LXNjYWxlZC5qcGciLCJzbGlkZXNob3ciOiJlMWVmNzcwIn0%3D\" href='https:\/\/levoca.penzionkiska.sk\/wp-content\/uploads\/2020\/03\/DSC_4977-scaled.jpg'><img fetchpriority=\"high\" decoding=\"async\" width=\"768\" height=\"512\" src=\"https:\/\/levoca.penzionkiska.sk\/wp-content\/uploads\/2020\/03\/DSC_4977-768x512.jpg\" class=\"attachment-medium_large size-medium_large\" alt=\"\" srcset=\"https:\/\/levoca.penzionkiska.sk\/wp-content\/uploads\/2020\/03\/DSC_4977-768x512.jpg 768w, https:\/\/levoca.penzionkiska.sk\/wp-content\/uploads\/2020\/03\/DSC_4977-300x200.jpg 300w, https:\/\/levoca.penzionkiska.sk\/wp-content\/uploads\/2020\/03\/DSC_4977-1024x683.jpg 1024w, https:\/\/levoca.penzionkiska.sk\/wp-content\/uploads\/2020\/03\/DSC_4977-1536x1024.jpg 1536w, https:\/\/levoca.penzionkiska.sk\/wp-content\/uploads\/2020\/03\/DSC_4977-2048x1365.jpg 2048w\" sizes=\"(max-width: 768px) 100vw, 768px\" \/><\/a>\n\t\t\t<\/div><\/figure><figure class='gallery-item'>\n\t\t\t<div class='gallery-icon landscape'>\n\t\t\t\t<a data-elementor-open-lightbox=\"yes\" data-elementor-lightbox-slideshow=\"e1ef770\" data-elementor-lightbox-title=\"kaviaren\" data-e-action-hash=\"#elementor-action%3Aaction%3Dlightbox%26settings%3DeyJpZCI6NjkxLCJ1cmwiOiJodHRwczpcL1wvbGV2b2NhLnBlbnppb25raXNrYS5za1wvd3AtY29udGVudFwvdXBsb2Fkc1wvMjAyMFwvMDNcL2thdmlhcmVuLXNjYWxlZC5qcGciLCJzbGlkZXNob3ciOiJlMWVmNzcwIn0%3D\" href='https:\/\/levoca.penzionkiska.sk\/wp-content\/uploads\/2020\/03\/kaviaren-scaled.jpg'><img decoding=\"async\" width=\"768\" height=\"512\" src=\"https:\/\/levoca.penzionkiska.sk\/wp-content\/uploads\/2020\/03\/kaviaren-768x512.jpg\" class=\"attachment-medium_large size-medium_large\" alt=\"\" srcset=\"https:\/\/levoca.penzionkiska.sk\/wp-content\/uploads\/2020\/03\/kaviaren-768x512.jpg 768w, https:\/\/levoca.penzionkiska.sk\/wp-content\/uploads\/2020\/03\/kaviaren-300x200.jpg 300w, https:\/\/levoca.penzionkiska.sk\/wp-content\/uploads\/2020\/03\/kaviaren-1024x683.jpg 1024w, https:\/\/levoca.penzionkiska.sk\/wp-content\/uploads\/2020\/03\/kaviaren-1536x1024.jpg 1536w, https:\/\/levoca.penzionkiska.sk\/wp-content\/uploads\/2020\/03\/kaviaren-2048x1365.jpg 2048w\" sizes=\"(max-width: 768px) 100vw, 768px\" \/><\/a>\n\t\t\t<\/div><\/figure><figure class='gallery-item'>\n\t\t\t<div class='gallery-icon landscape'>\n\t\t\t\t<a data-elementor-open-lightbox=\"yes\" data-elementor-lightbox-slideshow=\"e1ef770\" data-elementor-lightbox-title=\"kaviaren2\" data-e-action-hash=\"#elementor-action%3Aaction%3Dlightbox%26settings%3DeyJpZCI6NjkyLCJ1cmwiOiJodHRwczpcL1wvbGV2b2NhLnBlbnppb25raXNrYS5za1wvd3AtY29udGVudFwvdXBsb2Fkc1wvMjAyMFwvMDNcL2thdmlhcmVuMi1zY2FsZWQuanBnIiwic2xpZGVzaG93IjoiZTFlZjc3MCJ9\" href='https:\/\/levoca.penzionkiska.sk\/wp-content\/uploads\/2020\/03\/kaviaren2-scaled.jpg'><img decoding=\"async\" width=\"768\" height=\"512\" src=\"https:\/\/levoca.penzionkiska.sk\/wp-content\/uploads\/2020\/03\/kaviaren2-768x512.jpg\" class=\"attachment-medium_large size-medium_large\" alt=\"\" srcset=\"https:\/\/levoca.penzionkiska.sk\/wp-content\/uploads\/2020\/03\/kaviaren2-768x512.jpg 768w, https:\/\/levoca.penzionkiska.sk\/wp-content\/uploads\/2020\/03\/kaviaren2-300x200.jpg 300w, https:\/\/levoca.penzionkiska.sk\/wp-content\/uploads\/2020\/03\/kaviaren2-1024x683.jpg 1024w, https:\/\/levoca.penzionkiska.sk\/wp-content\/uploads\/2020\/03\/kaviaren2-1536x1024.jpg 1536w, https:\/\/levoca.penzionkiska.sk\/wp-content\/uploads\/2020\/03\/kaviaren2-2048x1365.jpg 2048w\" sizes=\"(max-width: 768px) 100vw, 768px\" \/><\/a>\n\t\t\t<\/div><\/figure><figure class='gallery-item'>\n\t\t\t<div class='gallery-icon landscape'>\n\t\t\t\t<a data-elementor-open-lightbox=\"yes\" data-elementor-lightbox-slideshow=\"e1ef770\" data-elementor-lightbox-title=\"kaviaren3\" data-e-action-hash=\"#elementor-action%3Aaction%3Dlightbox%26settings%3DeyJpZCI6NjkzLCJ1cmwiOiJodHRwczpcL1wvbGV2b2NhLnBlbnppb25raXNrYS5za1wvd3AtY29udGVudFwvdXBsb2Fkc1wvMjAyMFwvMDNcL2thdmlhcmVuMy1zY2FsZWQuanBnIiwic2xpZGVzaG93IjoiZTFlZjc3MCJ9\" href='https:\/\/levoca.penzionkiska.sk\/wp-content\/uploads\/2020\/03\/kaviaren3-scaled.jpg'><img loading=\"lazy\" decoding=\"async\" width=\"768\" height=\"512\" src=\"https:\/\/levoca.penzionkiska.sk\/wp-content\/uploads\/2020\/03\/kaviaren3-768x512.jpg\" class=\"attachment-medium_large size-medium_large\" alt=\"\" srcset=\"https:\/\/levoca.penzionkiska.sk\/wp-content\/uploads\/2020\/03\/kaviaren3-768x512.jpg 768w, https:\/\/levoca.penzionkiska.sk\/wp-content\/uploads\/2020\/03\/kaviaren3-300x200.jpg 300w, https:\/\/levoca.penzionkiska.sk\/wp-content\/uploads\/2020\/03\/kaviaren3-1024x683.jpg 1024w, https:\/\/levoca.penzionkiska.sk\/wp-content\/uploads\/2020\/03\/kaviaren3-1536x1024.jpg 1536w, https:\/\/levoca.penzionkiska.sk\/wp-content\/uploads\/2020\/03\/kaviaren3-2048x1365.jpg 2048w\" sizes=\"(max-width: 768px) 100vw, 768px\" \/><\/a>\n\t\t\t<\/div><\/figure>\n\t\t<\/div>\n\t\t<\/div>\n\t\t\t\t<\/div>\n\t\t\t\t<\/div>\n\t\t\t\t\t<\/div>\n\t\t<\/div>\n\t\t\t\t\t<\/div>\n\t\t<\/section>\n\t\t\t\t<\/div>\n\t\t","protected":false},"excerpt":{"rendered":"<p>Bar u Rytiera H\u013ead\u00e1te pr\u00edjemn\u00e9 a \u0161t\u00fdlov\u00e9 miesto na\u00a0 stretnutie s priate\u013emi \u010di obchodn\u00fdmi partnermi? Nav\u0161t\u00edvte n\u00e1\u0161 Bar u Rytiera so \u0161irokou ponukou nealko a alko n\u00e1pojov ako aj s kvalitnou k\u00e1vou a \u010dokol\u00e1dou. Mlsn\u00e9 jaz\u00fd\u010dky si u n\u00e1s ur\u010dite vyber\u00fa zo \u0161irokej ponuky v\u00fdborn\u00fdch z\u00e1kuskov a dezertov. N\u00e1pojov\u00fd l\u00edstok<\/p>\n","protected":false},"author":1,"featured_media":0,"parent":0,"menu_order":0,"comment_status":"closed","ping_status":"closed","template":"","meta":{"footnotes":""},"_links":{"self":[{"href":"https:\/\/levoca.penzionkiska.sk\/index.php\/wp-json\/wp\/v2\/pages\/165"}],"collection":[{"href":"https:\/\/levoca.penzionkiska.sk\/index.php\/wp-json\/wp\/v2\/pages"}],"about":[{"href":"https:\/\/levoca.penzionkiska.sk\/index.php\/wp-json\/wp\/v2\/types\/page"}],"author":[{"embeddable":true,"href":"https:\/\/levoca.penzionkiska.sk\/index.php\/wp-json\/wp\/v2\/users\/1"}],"replies":[{"embeddable":true,"href":"https:\/\/levoca.penzionkiska.sk\/index.php\/wp-json\/wp\/v2\/comments?post=165"}],"version-history":[{"count":17,"href":"https:\/\/levoca.penzionkiska.sk\/index.php\/wp-json\/wp\/v2\/pages\/165\/revisions"}],"predecessor-version":[{"id":767,"href":"https:\/\/levoca.penzionkiska.sk\/index.php\/wp-json\/wp\/v2\/pages\/165\/revisions\/767"}],"wp:attachment":[{"href":"https:\/\/levoca.penzionkiska.sk\/index.php\/wp-json\/wp\/v2\/media?parent=165"}],"curies":[{"name":"wp","href":"https:\/\/api.w.org\/{rel}","templated":true}]}}